{"id":600,"date":"2025-04-21T17:34:08","date_gmt":"2025-04-21T17:34:08","guid":{"rendered":"https:\/\/hadeal.org\/about-us\/our-mission\/"},"modified":"2025-10-07T08:40:11","modified_gmt":"2025-10-07T08:40:11","slug":"notre-mission","status":"publish","type":"page","link":"https:\/\/apcadma.com\/fr\/a-propos-de-nous\/notre-mission\/","title":{"rendered":"Mission"},"content":{"rendered":"<p class=\"has-text-align-left\">La mission de l\u2019APC consiste \u00e0 b\u00e2tir une soci\u00e9t\u00e9 plus inclusive et plus compatissante, o\u00f9 chaque personne, quelle que soit sa race, son genre, sa religion ou sa nationalit\u00e9, peut jouir d\u2019une meilleure qualit\u00e9 de vie \u00e0 travers :<\/p>\n<ul class=\"wp-block-list has-text-align-left\">\n<li>Travailler sur les causes humaines afin de promouvoir la justice sociale et de renforcer l\u2019esprit de fraternit\u00e9 entre les personnes.<\/li>\n<li>Promouvoir l\u2019amour entre les individus en les encourageant \u00e0 participer et \u00e0 s\u2019entraider.<\/li>\n<li>Lutter contre la pauvret\u00e9 \u00e0 tous les niveaux.<\/li>\n<li>Am\u00e9liorer la qualit\u00e9 de vie des a\u00een\u00e9s en offrant des soins personnalis\u00e9s et empreints de compassion, dans un environnement bienveillant qui valorise la dignit\u00e9, l\u2019ind\u00e9pendance et le respect de chacun.<\/li>\n<li>Aider les victimes d\u2019injustice et d\u2019exploitation \u00e0 se relever et \u00e0 reconstruire leur vie.<\/li>\n<li>\u0152uvrer pour le d\u00e9veloppement, le progr\u00e8s et l\u2019autonomisation des individus et des communaut\u00e9s.<\/li>\n<li>\u00c9tablir des centres, des projets et des activit\u00e9s qui r\u00e9pondent aux besoins de la soci\u00e9t\u00e9, en tenant compte du lieu, du moment et des circonstances dans lesquels se trouvent les membres de l\u2019Association, et selon leurs capacit\u00e9s.<\/li>\n<li>Assurer un accompagnement, une orientation et un soutien aux niveaux spirituel, psychologique, social, sanitaire, mat\u00e9riel et d\u00e9veloppemental pour les personnes dans le besoin, en fonction des ressources disponibles de l\u2019Association et de l\u2019ordre de priorit\u00e9 des besoins.<\/li>\n<\/ul>\n<p class=\"has-text-align-left\">Plac\u00e9e sous l\u2019\u00e9gide de l\u2019\u00c9glise catholique et de la doctrine chr\u00e9tienne, l\u2019APC entend intervenir au Liban, o\u00f9 les besoins s\u2019accroissent chaque jour davantage et o\u00f9 la crise \u00e9conomique, \u00e0 son paroxysme, affecte l\u2019ensemble des communaut\u00e9s vivant sur le territoire.<\/p>\n","protected":false},"excerpt":{"rendered":"<p>La mission de l\u2019APC consiste \u00e0 b\u00e2tir une soci\u00e9t\u00e9 plus inclusive et plus compatissante, o\u00f9 chaque personne, quelle que soit sa race, son genre, sa religion ou sa nationalit\u00e9, peut jouir d\u2019une meilleure qualit\u00e9 de vie \u00e0 travers : Travailler sur les causes humaines afin de promouvoir la justice sociale et de renforcer l\u2019esprit de [&hellip;]<\/p>\n","protected":false},"author":1,"featured_media":0,"parent":599,"menu_order":0,"comment_status":"closed","ping_status":"closed","template":"page-templates\/our-mission.php","meta":{"_acf_changed":false,"footnotes":""},"class_list":["post-600","page","type-page","status-publish","hentry"],"acf":[],"_links":{"self":[{"href":"https:\/\/apcadma.com\/fr\/wp-json\/wp\/v2\/pages\/600","targetHints":{"allow":["GET"]}}],"collection":[{"href":"https:\/\/apcadma.com\/fr\/wp-json\/wp\/v2\/pages"}],"about":[{"href":"https:\/\/apcadma.com\/fr\/wp-json\/wp\/v2\/types\/page"}],"author":[{"embeddable":true,"href":"https:\/\/apcadma.com\/fr\/wp-json\/wp\/v2\/users\/1"}],"replies":[{"embeddable":true,"href":"https:\/\/apcadma.com\/fr\/wp-json\/wp\/v2\/comments?post=600"}],"version-history":[{"count":2,"href":"https:\/\/apcadma.com\/fr\/wp-json\/wp\/v2\/pages\/600\/revisions"}],"predecessor-version":[{"id":969,"href":"https:\/\/apcadma.com\/fr\/wp-json\/wp\/v2\/pages\/600\/revisions\/969"}],"up":[{"embeddable":true,"href":"https:\/\/apcadma.com\/fr\/wp-json\/wp\/v2\/pages\/599"}],"wp:attachment":[{"href":"https:\/\/apcadma.com\/fr\/wp-json\/wp\/v2\/media?parent=600"}],"curies":[{"name":"wp","href":"https:\/\/api.w.org\/{rel}","templated":true}]}}