{"id":601,"date":"2025-04-21T17:34:33","date_gmt":"2025-04-21T17:34:33","guid":{"rendered":"https:\/\/hadeal.org\/about-us\/our-vision\/"},"modified":"2025-10-07T08:40:11","modified_gmt":"2025-10-07T08:40:11","slug":"notre-vision","status":"publish","type":"page","link":"https:\/\/apcadma.com\/fr\/a-propos-de-nous\/notre-vision\/","title":{"rendered":"Vision"},"content":{"rendered":"<p class=\"has-text-align-left\">L\u2019APC aspire \u00e0 une soci\u00e9t\u00e9 o\u00f9 chaque individu est valoris\u00e9, soutenu et habilit\u00e9 \u00e0 mener une vie digne \u2014 ind\u00e9pendamment de son origine ou de sa situation. Nous nous effor\u00e7ons d\u2019\u00eatre une force motrice pour la justice sociale, la solidarit\u00e9 et le d\u00e9veloppement humain, en cultivant l\u2019amour, en luttant contre la pauvret\u00e9, en soutenant les plus vuln\u00e9rables et en construisant des communaut\u00e9s bienveillantes o\u00f9 les personnes \u00e2g\u00e9es, les enfants et tous ceux qui sont dans le besoin trouvent soins, accompagnement et opportunit\u00e9s pour s\u2019\u00e9panouir.<\/p>\n<p class=\"has-text-align-left\">L\u2019APC entend cibler diff\u00e9rents volets de l\u2019action humanitaire, tels que le secteur FSL (Food, Security &#038; Livelihood \u2013 S\u00e9curit\u00e9 alimentaire et moyens de subsistance), le secteur de l\u2019h\u00e9bergement, de la sant\u00e9, de la protection, ainsi que le secteur du d\u00e9veloppement et de la stabilit\u00e9 sociale. Dirig\u00e9e par un conseil compos\u00e9 de civils et d\u2019acteurs humanitaires, l\u2019Association se pr\u00e9pare \u00e0 r\u00e9pondre aux appels \u00e0 projets afin d\u2019obtenir les financements n\u00e9cessaires et de venir en aide aux plus vuln\u00e9rables.<\/p>\n","protected":false},"excerpt":{"rendered":"<p>L\u2019APC aspire \u00e0 une soci\u00e9t\u00e9 o\u00f9 chaque individu est valoris\u00e9, soutenu et habilit\u00e9 \u00e0 mener une vie digne \u2014 ind\u00e9pendamment de son origine ou de sa situation. Nous nous effor\u00e7ons d\u2019\u00eatre une force motrice pour la justice sociale, la solidarit\u00e9 et le d\u00e9veloppement humain, en cultivant l\u2019amour, en luttant contre la pauvret\u00e9, en soutenant les [&hellip;]<\/p>\n","protected":false},"author":1,"featured_media":0,"parent":599,"menu_order":0,"comment_status":"closed","ping_status":"closed","template":"page-templates\/our-mission.php","meta":{"_acf_changed":false,"footnotes":""},"class_list":["post-601","page","type-page","status-publish","hentry"],"acf":[],"_links":{"self":[{"href":"https:\/\/apcadma.com\/fr\/wp-json\/wp\/v2\/pages\/601","targetHints":{"allow":["GET"]}}],"collection":[{"href":"https:\/\/apcadma.com\/fr\/wp-json\/wp\/v2\/pages"}],"about":[{"href":"https:\/\/apcadma.com\/fr\/wp-json\/wp\/v2\/types\/page"}],"author":[{"embeddable":true,"href":"https:\/\/apcadma.com\/fr\/wp-json\/wp\/v2\/users\/1"}],"replies":[{"embeddable":true,"href":"https:\/\/apcadma.com\/fr\/wp-json\/wp\/v2\/comments?post=601"}],"version-history":[{"count":2,"href":"https:\/\/apcadma.com\/fr\/wp-json\/wp\/v2\/pages\/601\/revisions"}],"predecessor-version":[{"id":970,"href":"https:\/\/apcadma.com\/fr\/wp-json\/wp\/v2\/pages\/601\/revisions\/970"}],"up":[{"embeddable":true,"href":"https:\/\/apcadma.com\/fr\/wp-json\/wp\/v2\/pages\/599"}],"wp:attachment":[{"href":"https:\/\/apcadma.com\/fr\/wp-json\/wp\/v2\/media?parent=601"}],"curies":[{"name":"wp","href":"https:\/\/api.w.org\/{rel}","templated":true}]}}