{"id":623,"date":"2025-04-21T17:35:18","date_gmt":"2025-04-21T17:35:18","guid":{"rendered":"https:\/\/hadeal.org\/events\/upcoming-events\/"},"modified":"2026-01-07T08:40:27","modified_gmt":"2026-01-07T08:40:27","slug":"evenements-a-venir","status":"publish","type":"page","link":"https:\/\/apcadma.com\/fr\/evenements\/evenements-a-venir\/","title":{"rendered":"\u00c9v\u00e9nements \u00e0 venir"},"content":{"rendered":"\n<div style=\"height:60px\" aria-hidden=\"true\" class=\"wp-block-spacer\"><\/div>\n\n\n<!-- event-area -->\n<div class=\"event-area pb-100 pt-0 bg\" style=\"padding-top: 40px !important;\">\n    <div class=\"container\">\n        <div class=\"row\">\n            <div class=\"col-lg-7 mx-auto\">\n                <div class=\"site-heading text-center\">\n                    <span class=\"site-title-tagline\"><i class=\"far fa-house-chimney-heart\"><\/i> Upcoming Events<\/span>\n                    <h2 class=\"site-title\"><span>Join Our Upcoming Events <\/span> On Our Calendar<\/h2>\n                <\/div>\n            <\/div>\n        <\/div>\n        <div class=\"row\">\n            <div class=\"col-md-12\">\n                <div class=\"event_calndr\">\n                    <div class=\"calendar-container\">\n                        <div class=\"month-selector\">\n                            <button onclick=\"prevMonth()\">&#9665; Prev<\/button>\n                            <h3 id=\"month-name\"><\/h3>\n                            <button onclick=\"nextMonth()\">Next &#9655;<\/button>\n                        <\/div>\n                        <table class=\"calendar\">\n                            <thead>\n                                <tr>\n                                    <th>Sun<\/th>\n                                    <th>Mon<\/th>\n                                    <th>Tue<\/th>\n                                    <th>Wed<\/th>\n                                    <th>Thu<\/th>\n                                    <th>Fri<\/th>\n                                    <th>Sat<\/th>\n                                <\/tr>\n                            <\/thead>\n                            <tbody id=\"calendar-body\"><\/tbody>\n                        <\/table>\n                    <\/div>\n                <\/div>\n                <div class=\"clear\"><\/div>\n            <\/div>\n        <\/div>\n    <\/div>\n<\/div>\n<!-- event-area end -->","protected":false},"excerpt":{"rendered":"","protected":false},"author":1,"featured_media":0,"parent":619,"menu_order":0,"comment_status":"closed","ping_status":"closed","template":"","meta":{"_acf_changed":false,"footnotes":""},"class_list":["post-623","page","type-page","status-publish","hentry"],"acf":[],"_links":{"self":[{"href":"https:\/\/apcadma.com\/fr\/wp-json\/wp\/v2\/pages\/623","targetHints":{"allow":["GET"]}}],"collection":[{"href":"https:\/\/apcadma.com\/fr\/wp-json\/wp\/v2\/pages"}],"about":[{"href":"https:\/\/apcadma.com\/fr\/wp-json\/wp\/v2\/types\/page"}],"author":[{"embeddable":true,"href":"https:\/\/apcadma.com\/fr\/wp-json\/wp\/v2\/users\/1"}],"replies":[{"embeddable":true,"href":"https:\/\/apcadma.com\/fr\/wp-json\/wp\/v2\/comments?post=623"}],"version-history":[{"count":7,"href":"https:\/\/apcadma.com\/fr\/wp-json\/wp\/v2\/pages\/623\/revisions"}],"predecessor-version":[{"id":1069,"href":"https:\/\/apcadma.com\/fr\/wp-json\/wp\/v2\/pages\/623\/revisions\/1069"}],"up":[{"embeddable":true,"href":"https:\/\/apcadma.com\/fr\/wp-json\/wp\/v2\/pages\/619"}],"wp:attachment":[{"href":"https:\/\/apcadma.com\/fr\/wp-json\/wp\/v2\/media?parent=623"}],"curies":[{"name":"wp","href":"https:\/\/api.w.org\/{rel}","templated":true}]}}